{"id":1358,"date":"2023-01-21T08:57:28","date_gmt":"2023-01-21T08:57:28","guid":{"rendered":"https:\/\/www.yourkitchen.at\/bezahlmoeglichkeiten\/"},"modified":"2023-06-16T05:13:58","modified_gmt":"2023-06-16T05:13:58","slug":"bezahlmoeglichkeiten","status":"publish","type":"page","link":"https:\/\/www.yourkitchen.at\/en\/bezahlmoeglichkeiten\/","title":{"rendered":"Zahlungsarten"},"content":{"rendered":"\t\t<div data-elementor-type=\"wp-page\" data-elementor-id=\"1358\" class=\"elementor elementor-1358 elementor-458\" data-elementor-post-type=\"page\">\n\t\t\t\t<div class=\"elementor-element elementor-element-ad9c6a5 e-flex e-con-boxed e-con e-parent\" data-id=\"ad9c6a5\" data-element_type=\"container\">\n\t\t\t\t\t<div class=\"e-con-inner\">\n\t\t\t\t<div class=\"elementor-element elementor-element-4e561bb elementor-widget elementor-widget-heading\" data-id=\"4e561bb\" data-element_type=\"widget\" data-widget_type=\"heading.default\">\n\t\t\t\t<div class=\"elementor-widget-container\">\n\t\t\t\t\t<h1 class=\"elementor-heading-title elementor-size-default\">Zahlungsinformationen<\/h1>\t\t\t\t<\/div>\n\t\t\t\t<\/div>\n\t\t\t\t<div class=\"elementor-element elementor-element-6166015 elementor-widget elementor-widget-text-editor\" data-id=\"6166015\" data-element_type=\"widget\" data-widget_type=\"text-editor.default\">\n\t\t\t\t<div class=\"elementor-widget-container\">\n\t\t\t\t\t\t\t\t\t<p>Wir bieten folgende Zahlungsm\u00f6glichkeiten an, sofern in der jeweiligen Produktbeschreibung nichts anderes bestimmt ist:<\/p><p>1. Kreditkarte via PayPal<br \/>2. Zahlung via PayPal<\/p><h2>Detaillierte Informationen zu den einzelnen Zahlungsm\u00f6glichkeiten<\/h2><h3>Kreditkarte<\/h3><p>Zahlen Sie bequem per Kreditkarte. Wir akzeptieren folgende Kreditkarten: Visa, Master-Card, American Express.<\/p><h3>PayPal<\/h3><p>Nur wenige Schritte zur Zahlung:<br \/>1. W\u00e4hlen Sie an der Kasse \u201ePayPal\u201c als Zahlungsmethode.<br \/>2. Um die Bezahlung abzuwickeln, werden Sie auf die PayPal-Website weitergeleitet.<br \/>3. Wenn Sie bereits Kunde bei PayPal sind, k\u00f6nnen Sie sich mit Ihren PayPal-Benutzerdaten anmelden und die Zahlung veranlassen.<br \/>Falls Sie noch kein PayPal-Konto haben, k\u00f6nnen Sie ein PayPal-Konto erstellen und dann die Zahlung best\u00e4tigen. F\u00fcr die Zahlungsarten Lastschrift via PayPal, Kreditkarte via PayPal und Kauf auf Rechnung via PayPal ist die Einrichtung eines PayPal-Kontos nicht notwendig.<br \/>4. Danach werden Sie zu uns (yourkitchen.at) zur\u00fcckgeleitet.<\/p>\t\t\t\t\t\t\t\t<\/div>\n\t\t\t\t<\/div>\n\t\t\t\t\t<\/div>\n\t\t\t\t<\/div>\n\t\t\t\t<\/div>\n\t\t","protected":false},"excerpt":{"rendered":"<p>Zahlungsinformationen Wir bieten folgende Zahlungsm\u00f6glichkeiten an, sofern in der jeweiligen Produktbeschreibung nichts anderes bestimmt ist: 1. Kreditkarte via PayPal2. Zahlung via PayPal Detaillierte Informationen zu den einzelnen Zahlungsm\u00f6glichkeiten Kreditkarte Zahlen Sie bequem per Kreditkarte. Wir akzeptieren folgende Kreditkarten: Visa, Master-Card, American Express. PayPal Nur wenige Schritte zur Zahlung:1. W\u00e4hlen Sie an der Kasse \u201ePayPal\u201c als [&hellip;]<\/p>\n","protected":false},"author":1,"featured_media":0,"parent":0,"menu_order":0,"comment_status":"closed","ping_status":"closed","template":"","meta":{"footnotes":""},"class_list":["post-1358","page","type-page","status-publish","hentry"],"_links":{"self":[{"href":"https:\/\/www.yourkitchen.at\/en\/wp-json\/wp\/v2\/pages\/1358","targetHints":{"allow":["GET"]}}],"collection":[{"href":"https:\/\/www.yourkitchen.at\/en\/wp-json\/wp\/v2\/pages"}],"about":[{"href":"https:\/\/www.yourkitchen.at\/en\/wp-json\/wp\/v2\/types\/page"}],"author":[{"embeddable":true,"href":"https:\/\/www.yourkitchen.at\/en\/wp-json\/wp\/v2\/users\/1"}],"replies":[{"embeddable":true,"href":"https:\/\/www.yourkitchen.at\/en\/wp-json\/wp\/v2\/comments?post=1358"}],"version-history":[{"count":3,"href":"https:\/\/www.yourkitchen.at\/en\/wp-json\/wp\/v2\/pages\/1358\/revisions"}],"predecessor-version":[{"id":1709,"href":"https:\/\/www.yourkitchen.at\/en\/wp-json\/wp\/v2\/pages\/1358\/revisions\/1709"}],"wp:attachment":[{"href":"https:\/\/www.yourkitchen.at\/en\/wp-json\/wp\/v2\/media?parent=1358"}],"curies":[{"name":"wp","href":"https:\/\/api.w.org\/{rel}","templated":true}]}}