{"id":1359,"date":"2023-01-21T08:57:28","date_gmt":"2023-01-21T08:57:28","guid":{"rendered":"https:\/\/www.yourkitchen.at\/agb\/"},"modified":"2023-01-21T08:57:28","modified_gmt":"2023-01-21T08:57:28","slug":"agb","status":"publish","type":"page","link":"https:\/\/www.yourkitchen.at\/en\/agb\/","title":{"rendered":"AGB"},"content":{"rendered":"\t\t<div data-elementor-type=\"wp-page\" data-elementor-id=\"1359\" class=\"elementor elementor-1359 elementor-455\" data-elementor-post-type=\"page\">\n\t\t\t\t\t\t<section class=\"elementor-section elementor-top-section elementor-element elementor-element-638ec062 elementor-section-boxed elementor-section-height-default elementor-section-height-default\" data-id=\"638ec062\" data-element_type=\"section\">\n\t\t\t\t\t\t<div class=\"elementor-container elementor-column-gap-default\">\n\t\t\t\t\t<div class=\"elementor-column elementor-col-100 elementor-top-column elementor-element elementor-element-1dfb1905\" data-id=\"1dfb1905\" data-element_type=\"column\">\n\t\t\t<div class=\"elementor-widget-wrap elementor-element-populated\">\n\t\t\t\t\t\t<div class=\"elementor-element elementor-element-358db9d9 elementor-widget elementor-widget-text-editor\" data-id=\"358db9d9\" data-element_type=\"widget\" data-widget_type=\"text-editor.default\">\n\t\t\t\t<div class=\"elementor-widget-container\">\n\t\t\t\t\t\t\t\t\t<h1>Allgemeine Gesch\u00e4ftsbedingungen mit Kundeninformationen<\/h1><h2>Inhaltsverzeichnis<\/h2><ol><li>Geltungsbereich<\/li><li>Vertragsschluss<\/li><li>Widerrufsrecht<\/li><li>Preise und Zahlungsbedingungen<\/li><li>Liefer- und Versandbedingungen<\/li><li>Eigentumsvorbehalt<\/li><li>M\u00e4ngelhaftung (Gew\u00e4hrleistung)<\/li><li>Einl\u00f6sung von Aktionsgutscheinen<\/li><li>Einl\u00f6sung von Geschenkgutscheinen<\/li><li>Anwendbares Recht<\/li><li>Alternative Streitbeilegung<\/li><\/ol><h2>1) Geltungsbereich<\/h2><p><b>1.1<\/b>\u00a0Diese Allgemeinen Gesch\u00e4ftsbedingungen (nachfolgend &#8220;AGB&#8221;) der YOUR Kitchen TM e.U. (nachfolgend &#8220;Verk\u00e4ufer&#8221;), gelten f\u00fcr alle Vertr\u00e4ge, die ein Verbraucher oder Unternehmer (nachfolgend &#8220;Kunde&#8221;) mit dem Verk\u00e4ufer hinsichtlich der vom Verk\u00e4ufer in seinem Online-Shop dargestellten Waren und\/oder Leistungen abschlie\u00dft. Hiermit wird der Einbeziehung von eigenen Bedingungen des Kunden widersprochen, es sei denn, es ist etwas anderes vereinbart.<\/p><p><b>1.2<\/b>\u00a0F\u00fcr Vertr\u00e4ge \u00fcber die Lieferung von Gutscheinen gelten diese AGB entsprechend, sofern insoweit nicht ausdr\u00fccklich etwas Abweichendes geregelt ist.<\/p><p><b>1.3<\/b>\u00a0Verbraucher im Sinne dieser AGB ist jede nat\u00fcrliche Person, die ein Rechtsgesch\u00e4ft zu Zwecken abschlie\u00dft, die \u00fcberwiegend weder ihrer gewerblichen noch ihrer selbst\u00e4ndigen beruflichen T\u00e4tigkeit zugerechnet werden k\u00f6nnen.<\/p><p><b>1.4<\/b>\u00a0Unternehmer im Sinne dieser AGB ist eine nat\u00fcrliche oder juristische Person oder eine rechtsf\u00e4hige Personengesellschaft, die bei Abschluss eines Rechtsgesch\u00e4fts in Aus\u00fcbung ihrer gewerblichen oder selbst\u00e4ndigen beruflichen T\u00e4tigkeit handelt.<\/p><h2>2) Vertragsschluss<\/h2><p><b>2.1<\/b>\u00a0Die im Online-Shop des Verk\u00e4ufers enthaltenen Produktbeschreibungen stellen keine verbindlichen Angebote seitens des Verk\u00e4ufers dar, sondern dienen zur Abgabe eines verbindlichen Angebots durch den Kunden.<\/p><p><b>2.2<\/b>\u00a0Der Kunde kann das Angebot \u00fcber das in den Online-Shop des Verk\u00e4ufers integrierte Online-Bestellformular abgeben. Dabei gibt der Kunde, nachdem er die ausgew\u00e4hlten Waren und\/oder Leistungen in den virtuellen Warenkorb gelegt und den elektronischen Bestellprozess durchlaufen hat, durch Klicken des den Bestellvorgang abschlie\u00dfenden Buttons ein rechtlich verbindliches Vertragsangebot in Bezug auf die im Warenkorb enthaltenen Waren und\/oder Leistungen ab. Ferner kann der Kunde das Angebot auch per E-Mail gegen\u00fcber dem Verk\u00e4ufer abgeben.<\/p><p><b>2.3<\/b>\u00a0Der Verk\u00e4ufer kann das Angebot des Kunden innerhalb von f\u00fcnf Tagen annehmen,<\/p><ul><li>indem er dem Kunden eine schriftliche Auftragsbest\u00e4tigung oder eine Auftragsbest\u00e4tigung in Textform (Fax oder E-Mail) \u00fcbermittelt, wobei insoweit der Zugang der Auftragsbest\u00e4tigung beim Kunden ma\u00dfgeblich ist, oder<\/li><li>indem er dem Kunden die bestellte Ware liefert, wobei insoweit der Zugang der Ware beim Kunden ma\u00dfgeblich ist, oder<\/li><li>indem er den Kunden nach Abgabe von dessen Bestellung zur Zahlung auffordert.<\/li><\/ul><p>Liegen mehrere der vorgenannten Alternativen vor, kommt der Vertrag in dem Zeitpunkt zustande, in dem eine der vorgenannten Alternativen zuerst eintritt. Die Frist zur Annahme des Angebots beginnt am Tag nach der Absendung des Angebots durch den Kunden zu laufen und endet mit dem Ablauf des f\u00fcnften Tages, welcher auf die Absendung des Angebots folgt. Nimmt der Verk\u00e4ufer das Angebot des Kunden innerhalb vorgenannter Frist nicht an, so gilt dies als Ablehnung des Angebots mit der Folge, dass der Kunde nicht mehr an seine Willenserkl\u00e4rung gebunden ist.<\/p><p><b>2.4<\/b>\u00a0Bei Auswahl einer von PayPal angebotenen Zahlungsart erfolgt die Zahlungsabwicklung \u00fcber den Zahlungsdienstleister PayPal (Europe) S.\u00e0 r.l. et Cie, S.C.A., 22-24 Boulevard Royal, L-2449 Luxemburg (im Folgenden: \u201ePayPal\u201c), unter Geltung der PayPal-Nutzungsbedingungen, einsehbar unter <a href=\"https:\/\/www.paypal.com\/de\/webapps\/mpp\/ua\/useragreement-full\" target=\"_blank\" rel=\"noopener\">https:\/\/www.paypal.com<wbr \/>\/de<wbr \/>\/webapps<wbr \/>\/mpp<wbr \/>\/ua<wbr \/>\/useragreement-full<\/a> oder &#8211; falls der Kunde nicht \u00fcber ein PayPal-Konto verf\u00fcgt \u2013 unter Geltung der Bedingungen f\u00fcr Zahlungen ohne PayPal-Konto, einsehbar unter <a href=\"https:\/\/www.paypal.com\/de\/webapps\/mpp\/ua\/privacywax-full\" target=\"_blank\" rel=\"noopener\">https:\/\/www.paypal.com<wbr \/>\/de<wbr \/>\/webapps<wbr \/>\/mpp<wbr \/>\/ua<wbr \/>\/privacywax-full<\/a>. Zahlt der Kunde mittels einer im Online-Bestellvorgang ausw\u00e4hlbaren von PayPal angebotenen Zahlungsart, erkl\u00e4rt der Verk\u00e4ufer schon jetzt die Annahme des Angebots des Kunden in dem Zeitpunkt, in dem der Kunde den Button anklickt, welcher den Bestellvorgang abschlie\u00dft.<\/p><p><b>2.5<\/b>\u00a0Bei der Abgabe eines Angebots \u00fcber das Online-Bestellformular des Verk\u00e4ufers wird der Vertragstext vom Verk\u00e4ufer gespeichert und dem Kunden nach Absendung seiner Bestellung nebst den vorliegenden AGB in Textform (z. B. E-Mail, Fax oder Brief) zugeschickt. Der Vertragstext kann vom Kunden nach Absendung seiner Bestellung jedoch nicht mehr \u00fcber die Internetseite des Verk\u00e4ufers abgerufen werden.<\/p><p><b>2.6<\/b>\u00a0Vor verbindlicher Abgabe der Bestellung \u00fcber das Online-Bestellformular des Verk\u00e4ufers kann der Kunde m\u00f6gliche Eingabefehler durch aufmerksames Lesen der auf dem Bildschirm dargestellten Informationen erkennen. Ein wirksames technisches Mittel zur besseren Erkennung von Eingabefehlern kann dabei die Vergr\u00f6\u00dferungsfunktion des Browsers sein, mit deren Hilfe die Darstellung auf dem Bildschirm vergr\u00f6\u00dfert wird. Seine Eingaben kann der Kunde im Rahmen des elektronischen Bestellprozesses so lange \u00fcber die \u00fcblichen Tastatur- und Mausfunktionen korrigieren, bis er den Button anklickt, welcher den Bestellvorgang abschlie\u00dft.<\/p><p><b>2.7<\/b>\u00a0F\u00fcr den Vertragsschluss steht ausschlie\u00dflich die deutsche Sprache zur Verf\u00fcgung.<\/p><p><b>2.8<\/b>\u00a0Die Bestellabwicklung und Kontaktaufnahme finden in der Regel per E-Mail und automatisierter Bestellabwicklung statt. Der Kunde hat sicherzustellen, dass die von ihm zur Bestellabwicklung angegebene E-Mail-Adresse zutreffend ist, so dass unter dieser Adresse die vom Verk\u00e4ufer versandten E-Mails empfangen werden k\u00f6nnen. Insbesondere hat der Kunde bei dem Einsatz von SPAM-Filtern sicherzustellen, dass alle vom Verk\u00e4ufer oder von diesem mit der Bestellabwicklung beauftragten Dritten versandten E-Mails zugestellt werden k\u00f6nnen.<\/p><h2>3) Widerrufsrecht<\/h2><p><b>3.1<\/b>\u00a0Verbrauchern steht grunds\u00e4tzlich ein Widerrufsrecht zu.<\/p><p><b>3.2<\/b>\u00a0N\u00e4here Informationen zum Widerrufsrecht ergeben sich aus der Widerrufsbelehrung des Verk\u00e4ufers.<\/p><h2>4) Preise und Zahlungsbedingungen<\/h2><p><b>4.1<\/b>\u00a0Sofern sich aus der Produktbeschreibung des Verk\u00e4ufers nichts anderes ergibt, handelt es sich bei den angegebenen Preisen um Gesamtpreise, die die gesetzliche Umsatzsteuer enthalten. Gegebenenfalls zus\u00e4tzlich anfallende Liefer- und Versandkosten werden in der jeweiligen Produktbeschreibung gesondert angegeben.<\/p><p><b>4.2<\/b>\u00a0Dem Kunden stehen verschiedene Zahlungsm\u00f6glichkeiten zur Verf\u00fcgung, die im Online-Shop des Verk\u00e4ufers gleich zu Beginn des Bestellvorgangs angegeben werden.<\/p><p><b>4.3<\/b>\u00a0Ist Vorauskasse vereinbart, ist die Zahlung sofort nach Vertragsabschluss f\u00e4llig.<\/p><p><b>4.4<\/b>\u00a0Bei Auswahl einer \u00fcber den Zahlungsdienst \u201ePayPal\u201c angebotenen Zahlungsart erfolgt die Zahlungsabwicklung \u00fcber PayPal, wobei sich PayPal hierzu auch der Dienste dritter Zahlungsdienstleister bedienen kann. Sofern der Verk\u00e4ufer \u00fcber PayPal auch Zahlungsarten anbietet, bei denen er gegen\u00fcber dem Kunden in Vorleistung geht (z. B. Rechnungskauf oder Ratenzahlung), tritt er seine Zahlungsforderung insoweit an PayPal bzw. an den von PayPal beauftragten und dem Kunden konkret benannten Zahlungsdienstleister ab. Vor Annahme der Abtretungserkl\u00e4rung des Verk\u00e4ufers f\u00fchrt PayPal bzw. der von PayPal beauftragte Zahlungsdienstleister unter Verwendung der \u00fcbermittelten Kundendaten eine Bonit\u00e4tspr\u00fcfung durch. Der Verk\u00e4ufer beh\u00e4lt sich vor, dem Kunden die ausgew\u00e4hlte Zahlungsart im Falle eines negativen Pr\u00fcfungsergebnisses zu verweigern. Bei Zulassung der ausgew\u00e4hlten Zahlungsart hat der Kunde den Rechnungsbetrag innerhalb der vereinbarten Zahlungsfrist bzw. in den vereinbarten Zahlungsintervallen zu bezahlen. Er kann in diesem Fall nur an PayPal bzw. den von PayPal beauftragten Zahlungsdienstleister mit schuldbefreiender Wirkung leisten. Der Verk\u00e4ufer bleibt jedoch auch im Falle der Forderungsabtretung zust\u00e4ndig f\u00fcr allgemeine Kundenanfragen z. B. zur Ware, Lieferzeit, Versendung, Retouren, Reklamationen, Widerrufserkl\u00e4rungen und -zusendungen oder Gutschriften.<\/p><h2>5) Liefer- und Versandbedingungen<\/h2><p><b>5.1<\/b>\u00a0Die Lieferung von Waren erfolgt auf dem Versandweg an die vom Kunden angegebene Lieferanschrift, sofern nichts anderes vereinbart ist. Bei der Abwicklung der Transaktion ist die in der Bestellabwicklung des Verk\u00e4ufers angegebene Lieferanschrift ma\u00dfgeblich.<\/p><p><b>5.2<\/b>\u00a0Sendet das Transportunternehmen die versandte Ware an den Verk\u00e4ufer zur\u00fcck, da eine Zustellung beim Kunden nicht m\u00f6glich war, tr\u00e4gt der Kunde die Kosten f\u00fcr den erfolglosen Versand. Dies gilt nicht, wenn der Kunde den Umstand, der zur Unm\u00f6glichkeit der Zustellung gef\u00fchrt hat, nicht zu vertreten hat oder wenn er vor\u00fcbergehend an der Annahme der angebotenen Leistung verhindert war, es sei denn, dass der Verk\u00e4ufer ihm die Leistung eine angemessene Zeit vorher angek\u00fcndigt hatte. Ferner gilt dies im Hinblick auf die Kosten f\u00fcr die Hinsendung nicht, wenn der Kunde sein Widerrufsrecht wirksam aus\u00fcbt. F\u00fcr die R\u00fccksendekosten gilt bei wirksamer Aus\u00fcbung des Widerrufsrechts durch den Kunden die in der Widerrufsbelehrung des Verk\u00e4ufers hierzu getroffene Regelung.<\/p><p><b>5.3<\/b>\u00a0Selbstabholung ist aus logistischen Gr\u00fcnden nicht m\u00f6glich.<\/p><p><b>5.4<\/b>\u00a0Gutscheine werden dem Kunden wie folgt \u00fcberlassen:<\/p><p>&#8211; per E-Mail<\/p><h2>6) Eigentumsvorbehalt<\/h2><p>Tritt der Verk\u00e4ufer in Vorleistung, beh\u00e4lt er sich bis zur vollst\u00e4ndigen Bezahlung des geschuldeten Kaufpreises und aller damit verbundenen Kosten und Spesen das Eigentum an der gelieferten Ware vor.<\/p><h2>7) M\u00e4ngelhaftung (Gew\u00e4hrleistung)<\/h2><p><b>7.1<\/b>\u00a0Soweit sich aus den nachfolgenden Regelungen nichts anderes ergibt, gelten die Vorschriften der gesetzlichen M\u00e4ngelhaftung. Hiervon abweichend gilt bei Vertr\u00e4gen zur Lieferung von Waren:<\/p><p><b>7.2<\/b>\u00a0Handelt der Kunde als Unternehmer,<\/p><ul><li>hat der Verk\u00e4ufer die Wahl der Art der Nacherf\u00fcllung;<\/li><li>betr\u00e4gt bei neuen Waren die Verj\u00e4hrungsfrist f\u00fcr M\u00e4ngel ein Jahr ab Ablieferung der Ware;<\/li><li>sind bei gebrauchten Waren die Rechte und Anspr\u00fcche wegen M\u00e4ngeln ausgeschlossen;<\/li><li>beginnt die Verj\u00e4hrung nicht erneut, wenn im Rahmen der M\u00e4ngelhaftung eine Ersatzlieferung erfolgt.<\/li><\/ul><p><b>7.3<\/b>\u00a0Die vorstehend geregelten Haftungsbeschr\u00e4nkungen und Fristverk\u00fcrzungen gelten nicht<\/p><ul><li>f\u00fcr Schadensersatz- und Aufwendungsersatzanspr\u00fcche des Kunden,<\/li><li>f\u00fcr den Fall, dass der Verk\u00e4ufer den Mangel arglistig verschwiegen hat,<\/li><li>f\u00fcr Waren, die entsprechend ihrer \u00fcblichen Verwendungsweise f\u00fcr ein Bauwerk verwendet worden sind und dessen Mangelhaftigkeit verursacht haben,<\/li><li>f\u00fcr eine ggf. bestehende Verpflichtung des Verk\u00e4ufers zur Bereitstellung von Aktualisierungen f\u00fcr digitale Produkte, bei Vertr\u00e4gen zur Lieferung von Waren mit digitalen Elementen.<\/li><\/ul><p><b>7.4<\/b>\u00a0Dar\u00fcber hinaus gilt f\u00fcr Unternehmer, dass die gesetzlichen Verj\u00e4hrungsfristen f\u00fcr einen ggf. bestehenden gesetzlichen R\u00fcckgriffsanspruch unber\u00fchrt bleiben.<\/p><p><b>7.5<\/b>\u00a0Handelt der Kunde als Kaufmann i.S.d. \u00a7 1 HGB, trifft ihn die kaufm\u00e4nnische Untersuchungs- und R\u00fcgepflicht gem\u00e4\u00df \u00a7 377 HGB. Unterl\u00e4sst der Kunde die dort geregelten Anzeigepflichten, gilt die Ware als genehmigt.<\/p><p><b>7.6<\/b>\u00a0Handelt der Kunde als Verbraucher, so wird er gebeten, angelieferte Waren mit offensichtlichen Transportsch\u00e4den bei dem Zusteller zu reklamieren und den Verk\u00e4ufer hiervon in Kenntnis zu setzen. Kommt der Kunde dem nicht nach, hat dies keinerlei Auswirkungen auf seine gesetzlichen oder vertraglichen M\u00e4ngelanspr\u00fcche.<\/p><h2>8) Einl\u00f6sung von Aktionsgutscheinen<\/h2><p><b>8.1<\/b>\u00a0Gutscheine, die vom Verk\u00e4ufer im Rahmen von Werbeaktionen mit einer bestimmten G\u00fcltigkeitsdauer unentgeltlich ausgegeben werden und die vom Kunden nicht k\u00e4uflich erworben werden k\u00f6nnen (nachfolgend &#8220;Aktionsgutscheine&#8221;), k\u00f6nnen nur im Online-Shop des Verk\u00e4ufers und nur im angegebenen Aktionszeitraum eingel\u00f6st werden.<\/p><p><b>8.2<\/b>\u00a0Einzelne Produkte k\u00f6nnen von der Gutscheinaktion ausgeschlossen sein, sofern sich eine entsprechende Einschr\u00e4nkung aus dem Inhalt des Aktionsgutscheins ergibt.<\/p><p><b>8.3<\/b>\u00a0Aktionsgutscheine k\u00f6nnen nur vor Abschluss des Bestellvorgangs eingel\u00f6st werden. Eine nachtr\u00e4gliche Verrechnung ist nicht m\u00f6glich.<\/p><p><b>8.4<\/b>\u00a0Pro Bestellung kann immer nur ein Aktionsgutschein eingel\u00f6st werden.<\/p><p><b>8.5<\/b>\u00a0Der Warenwert muss mindestens dem Betrag des Aktionsgutscheins entsprechen. Etwaiges Restguthaben wird vom Verk\u00e4ufer nicht erstattet.<\/p><p><b>8.6<\/b>\u00a0Reicht der Wert des Aktionsgutscheins zur Deckung der Bestellung nicht aus, kann zur Begleichung des Differenzbetrages eine der \u00fcbrigen vom Verk\u00e4ufer angebotenen Zahlungsarten gew\u00e4hlt werden.<\/p><p><b>8.7<\/b>\u00a0Das Guthaben eines Aktionsgutscheins wird weder in Bargeld ausgezahlt noch verzinst.<\/p><p><b>8.8<\/b>\u00a0Der Aktionsgutschein wird nicht erstattet, wenn der Kunde die mit dem Aktionsgutschein ganz oder teilweise bezahlte Ware im Rahmen seines gesetzlichen Widerrufsrechts zur\u00fcckgibt.<\/p><p><b>8.9<\/b>\u00a0Der Aktionsgutschein ist nur f\u00fcr die Verwendung durch die auf ihm benannte Person bestimmt. Eine \u00dcbertragung des Aktionsgutscheins auf Dritte ist ausgeschlossen. Der Verk\u00e4ufer ist berechtigt, jedoch nicht verpflichtet, die materielle Anspruchsberechtigung des jeweiligen Gutscheininhabers zu pr\u00fcfen.<\/p><h2>9) Einl\u00f6sung von Geschenkgutscheinen<\/h2><p><b>9.1<\/b>\u00a0Gutscheine, die \u00fcber den Online-Shop des Verk\u00e4ufers k\u00e4uflich erworben werden k\u00f6nnen (nachfolgend &#8220;Geschenkgutscheine&#8221;), k\u00f6nnen nur im Online-Shop des Verk\u00e4ufers eingel\u00f6st werden, sofern sich aus dem Gutschein nichts anderes ergibt.<\/p><p><b>9.2<\/b>\u00a0Geschenkgutscheine und Restguthaben von Geschenkgutscheinen sind bis zum Ende des dritten Jahres nach dem Jahr des Gutscheinkaufs einl\u00f6sbar. Restguthaben werden dem Kunden bis zum Ablaufdatum gutgeschrieben.<\/p><p><b>9.3<\/b>\u00a0Geschenkgutscheine k\u00f6nnen nur vor Abschluss des Bestellvorgangs eingel\u00f6st werden. Eine nachtr\u00e4gliche Verrechnung ist nicht m\u00f6glich.<\/p><p><b>9.4<\/b>\u00a0Bei einer Bestellung k\u00f6nnen auch mehrere Geschenkgutscheine eingel\u00f6st werden.<\/p><p><b>9.5<\/b>\u00a0Geschenkgutscheine k\u00f6nnen nur f\u00fcr den Kauf von Waren und nicht f\u00fcr den Kauf von weiteren Geschenkgutscheinen verwendet werden.<\/p><p><b>9.6<\/b>\u00a0Reicht der Wert des Geschenkgutscheins zur Deckung der Bestellung nicht aus, kann zur Begleichung des Differenzbetrages eine der \u00fcbrigen vom Verk\u00e4ufer angebotenen Zahlungsarten gew\u00e4hlt werden.<\/p><p><b>9.7<\/b>\u00a0Das Guthaben eines Geschenkgutscheins wird weder in Bargeld ausgezahlt noch verzinst.<\/p><p><b>9.8<\/b>\u00a0Der Geschenkgutschein ist nur f\u00fcr die Verwendung durch die auf ihm benannte Person bestimmt. Eine \u00dcbertragung des Geschenkgutscheins auf Dritte ist ausgeschlossen. Der Verk\u00e4ufer ist berechtigt, jedoch nicht verpflichtet, die materielle Anspruchsberechtigung des jeweiligen Gutscheininhabers zu pr\u00fcfen.<\/p><p><b>9.9<\/b>\u00a0Das Guthaben wird, wenn der Kunde die mit dem Geschenkgutschein ganz oder teilweise bezahlte Ware im Rahmen seines gesetzlichen Widerrufsrechts zur\u00fcckgibt, wiederum<br \/>als Geschenkgutschein erstattet. Wird der entgeltlich erworbene Geschenkgutschein \u2013 ohne<br \/>Verwendung \u2013 im Rahmen des gesetzlichen Widerrufsrechts zur\u00fcckgegeben, wird dem Kunden der Kaufpreis dieses Geschenkgutscheins erstattet.<\/p><h2>10) Anwendbares Recht<\/h2><p><b>10.1<\/b>\u00a0Handelt der Kunde als Unternehmer im Sinne der Ziffer 1.2, so gilt f\u00fcr s\u00e4mtliche Rechtsbeziehungen der Parteien das Recht des Staates, in dem der Verk\u00e4ufer seinen Gesch\u00e4ftssitz hat unter Ausschluss der UN-Konvention \u00fcber den internationalen Kauf beweglicher Waren und ausschlie\u00dflicher Gerichtsstand f\u00fcr alle Streitigkeiten aus diesem Vertrag ist der Gesch\u00e4ftssitz des Verk\u00e4ufers.<\/p><p><b>10.2<\/b>\u00a0Handelt der Kunde als Verbraucher im Sinne der Ziffer 1.2, so gilt f\u00fcr s\u00e4mtliche Rechtsbeziehungen der Parteien das Recht des Staates, in dem der Kunde seinen gew\u00f6hnlichen Aufenthalt hat, unter Ausschluss der UN-Konvention \u00fcber den internationalen Kauf beweglicher Waren und ausschlie\u00dflicher Gerichtsstand f\u00fcr alle Streitigkeiten aus diesem Vertrag ist der Wohnsitz des Kunden.<\/p><h2>11) Alternative Streitbeilegung<\/h2><p><b>11.1<\/b>\u00a0Die EU-Kommission stellt im Internet unter folgendem Link eine Plattform zur Online-Streitbeilegung bereit: <a href=\"https:\/\/ec.europa.eu\/consumers\/odr\" target=\"_blank\" rel=\"noopener\">https:\/\/ec.europa.eu<wbr \/>\/consumers<wbr \/>\/odr<\/a><\/p><p>Diese Plattform dient als Anlaufstelle zur au\u00dfergerichtlichen Beilegung von Streitigkeiten aus Online-Kauf- oder Dienstleistungsvertr\u00e4gen, an denen ein Verbraucher beteiligt ist.<\/p><p><b>11.2<\/b>\u00a0Der Verk\u00e4ufer ist zur Teilnahme an einem Streitbeilegungsverfahren vor einer Verbraucherschlichtungsstelle weder verpflichtet noch bereit.<\/p>\t\t\t\t\t\t\t\t<\/div>\n\t\t\t\t<\/div>\n\t\t\t\t\t<\/div>\n\t\t<\/div>\n\t\t\t\t\t<\/div>\n\t\t<\/section>\n\t\t\t\t<\/div>\n\t\t","protected":false},"excerpt":{"rendered":"<p>Allgemeine Gesch\u00e4ftsbedingungen mit Kundeninformationen Inhaltsverzeichnis Geltungsbereich Vertragsschluss Widerrufsrecht Preise und Zahlungsbedingungen Liefer- und Versandbedingungen Eigentumsvorbehalt M\u00e4ngelhaftung (Gew\u00e4hrleistung) Einl\u00f6sung von Aktionsgutscheinen Einl\u00f6sung von Geschenkgutscheinen Anwendbares Recht Alternative Streitbeilegung 1) Geltungsbereich 1.1\u00a0Diese Allgemeinen Gesch\u00e4ftsbedingungen (nachfolgend &#8220;AGB&#8221;) der YOUR Kitchen TM e.U. (nachfolgend &#8220;Verk\u00e4ufer&#8221;), gelten f\u00fcr alle Vertr\u00e4ge, die ein Verbraucher oder Unternehmer (nachfolgend &#8220;Kunde&#8221;) mit dem Verk\u00e4ufer [&hellip;]<\/p>\n","protected":false},"author":1,"featured_media":0,"parent":0,"menu_order":0,"comment_status":"closed","ping_status":"closed","template":"","meta":{"footnotes":""},"class_list":["post-1359","page","type-page","status-publish","hentry"],"_links":{"self":[{"href":"https:\/\/www.yourkitchen.at\/en\/wp-json\/wp\/v2\/pages\/1359","targetHints":{"allow":["GET"]}}],"collection":[{"href":"https:\/\/www.yourkitchen.at\/en\/wp-json\/wp\/v2\/pages"}],"about":[{"href":"https:\/\/www.yourkitchen.at\/en\/wp-json\/wp\/v2\/types\/page"}],"author":[{"embeddable":true,"href":"https:\/\/www.yourkitchen.at\/en\/wp-json\/wp\/v2\/users\/1"}],"replies":[{"embeddable":true,"href":"https:\/\/www.yourkitchen.at\/en\/wp-json\/wp\/v2\/comments?post=1359"}],"version-history":[{"count":0,"href":"https:\/\/www.yourkitchen.at\/en\/wp-json\/wp\/v2\/pages\/1359\/revisions"}],"wp:attachment":[{"href":"https:\/\/www.yourkitchen.at\/en\/wp-json\/wp\/v2\/media?parent=1359"}],"curies":[{"name":"wp","href":"https:\/\/api.w.org\/{rel}","templated":true}]}}